{"id":9,"date":"2017-11-26T16:50:05","date_gmt":"2017-11-26T16:50:05","guid":{"rendered":"http:\/\/qub-info.de\/?page_id=9"},"modified":"2025-07-31T07:46:53","modified_gmt":"2025-07-31T07:46:53","slug":"der-weg-zum-qub","status":"publish","type":"page","link":"https:\/\/qub-info.de\/?page_id=9","title":{"rendered":"Zertifizierung f\u00fcr Betriebe"},"content":{"rendered":"\n<figure class=\"wp-block-image size-large\"><img loading=\"lazy\" decoding=\"async\" width=\"1024\" height=\"576\" src=\"https:\/\/qub-info.de\/wp-content\/uploads\/2023\/04\/Zertifizierung-1-1024x576.png\" alt=\"\" class=\"wp-image-213\" srcset=\"https:\/\/qub-info.de\/wp-content\/uploads\/2023\/04\/Zertifizierung-1-1024x576.png 1024w, https:\/\/qub-info.de\/wp-content\/uploads\/2023\/04\/Zertifizierung-1-300x169.png 300w, https:\/\/qub-info.de\/wp-content\/uploads\/2023\/04\/Zertifizierung-1-768x432.png 768w, https:\/\/qub-info.de\/wp-content\/uploads\/2023\/04\/Zertifizierung-1.png 1280w\" sizes=\"(max-width: 1024px) 100vw, 1024px\" \/><\/figure>\n\n\n\n<p>Sie m\u00f6chten Ihr Unternehmen nach dem QuB-Programm zertifizieren lassen? Folgende Kriterien m\u00fcssen Sie f\u00fcr eine Teilnahme am QuB erf\u00fcllen:<\/p>\n\n\n\n<ol>\n<li>Das Unternehmen muss alle geltenden Vorschriften aus dem Umweltrecht einhalten.<\/li>\n\n\n\n<li>Das Unternehmen muss seine bedeutenden Umweltauswirkungen benennen. Diese sind m\u00f6glichst mengenm\u00e4\u00dfig zu bestimmen und in Form von Auflistungen (\u201eKatastern\u201c) und\/ oder einer Umweltbilanz und dazugeh\u00f6rigen Umweltkennzahlen darzustellen.<\/li>\n\n\n\n<li>Das Unternehmen muss j\u00e4hrlich mindestens eine Ma\u00dfnahme planen, beschlie\u00dfen und durchf\u00fchren, die eine seiner Umweltauswirkungen verringert. Die Zielerreichung muss dokumentiert und nachvollziehbar sein. Die Ma\u00dfnahme muss mit Termin, Mitteln und Verantwortlichkeiten schriftlich niedergelegt sein (Umweltprogramm).<\/li>\n\n\n\n<li>Das Unternehmen muss die Verantwortlichkeiten und Kompetenzen f\u00fcr die f\u00fcr den Umweltschutz verantwortlichen Mitarbeiter schriftlich darlegen. Es muss ein Ansprechpartner f\u00fcr externe Anfragen benannt und \u00f6ffentlich (z. B. \u00fcber die Internetseite des Unternehmens) bekannt gemacht werden.<\/li>\n\n\n\n<li>Das Unternehmen muss einmal j\u00e4hrlich eine Unterweisung des gesamten Personals zum Umweltschutz durchf\u00fchren. Die Unterweisung \u00fcber sechs Unterrichtseinheiten muss schriftlich dokumentiert sein (Teilnehmerkreis, Thema, Termin).<\/li>\n\n\n\n<li>Zus\u00e4tzlich m\u00fcssen Schulungen zum Thema Umweltschutz nach Bedarf, themen-bezogen oder aus aktuellem Anlass durchgef\u00fchrt werden. Verantwortliche Mitarbeiter sind entsprechend zus\u00e4tzlich zu qualifizieren. Diese Schulungen m\u00fcssen ebenfalls schriftlich dokumentiert sein (Teilnehmerkreis, Thema, Termin).<\/li>\n\n\n\n<li>Das Unternehmen muss Informationen \u00fcber die Umweltvertr\u00e4glichkeit seiner Produkte vorhalten, auswerten und an seine Kunden weitergeben. Informationsgrundlage sind zum Beispiel die Sicherheitsdatenbl\u00e4tter.<\/li>\n\n\n\n<li>Das Unternehmen muss Unterlagen \u00fcber die regelm\u00e4\u00dfige und ordnungsgem\u00e4\u00dfe Wartung und Pr\u00fcfung seiner umweltrelevanten Betriebsmittel vorhalten.<\/li>\n\n\n\n<li>Das Unternehmen muss einen umweltrelevanten Notfallplan haben.<\/li>\n<\/ol>\n\n\n\n<p>Die Einhaltung dieser Kriterien wird im Rahmen der regelm\u00e4\u00dfigen \u00dcberwachung \u00fcberpr\u00fcft.<\/p>\n\n\n\n<h2 class=\"wp-block-heading\">Teilnahme<\/h2>\n\n\n\n<p>Zugang zum Zertifizierungsprogramm und dem Technischen Regelwerk erhalten Sie auf Anfrage an <a href=\"mailto:qub@hwk-mittelfranken.de\">qub@hwk-mittelfranken.de<\/a>.<\/p>\n","protected":false},"excerpt":{"rendered":"<p>Sie m\u00f6chten Ihr Unternehmen nach dem QuB-Programm zertifizieren lassen? Folgende Kriterien m\u00fcssen Sie f\u00fcr eine Teilnahme am QuB erf\u00fcllen: Die Einhaltung dieser Kriterien wird im Rahmen der regelm\u00e4\u00dfigen \u00dcberwachung \u00fcberpr\u00fcft. Teilnahme Zugang zum Zertifizierungsprogramm und dem Technischen Regelwerk erhalten Sie auf Anfrage an qub@hwk-mittelfranken.de.<\/p>\n","protected":false},"author":1,"featured_media":0,"parent":0,"menu_order":0,"comment_status":"closed","ping_status":"closed","template":"","meta":{"footnotes":""},"_links":{"self":[{"href":"https:\/\/qub-info.de\/index.php?rest_route=\/wp\/v2\/pages\/9"}],"collection":[{"href":"https:\/\/qub-info.de\/index.php?rest_route=\/wp\/v2\/pages"}],"about":[{"href":"https:\/\/qub-info.de\/index.php?rest_route=\/wp\/v2\/types\/page"}],"author":[{"embeddable":true,"href":"https:\/\/qub-info.de\/index.php?rest_route=\/wp\/v2\/users\/1"}],"replies":[{"embeddable":true,"href":"https:\/\/qub-info.de\/index.php?rest_route=%2Fwp%2Fv2%2Fcomments&post=9"}],"version-history":[{"count":15,"href":"https:\/\/qub-info.de\/index.php?rest_route=\/wp\/v2\/pages\/9\/revisions"}],"predecessor-version":[{"id":230,"href":"https:\/\/qub-info.de\/index.php?rest_route=\/wp\/v2\/pages\/9\/revisions\/230"}],"wp:attachment":[{"href":"https:\/\/qub-info.de\/index.php?rest_route=%2Fwp%2Fv2%2Fmedia&parent=9"}],"curies":[{"name":"wp","href":"https:\/\/api.w.org\/{rel}","templated":true}]}}