{"id":23,"date":"2017-11-26T16:55:56","date_gmt":"2017-11-26T16:55:56","guid":{"rendered":"http:\/\/qub-info.de\/?page_id=23"},"modified":"2023-04-12T14:25:43","modified_gmt":"2023-04-12T14:25:43","slug":"unsere-kooperationspartner","status":"publish","type":"page","link":"https:\/\/qub-info.de\/?page_id=23","title":{"rendered":"Unsere Kooperationspartner"},"content":{"rendered":"<ul>\n<li><a href=\"https:\/\/www.hwk-dresden.de\/\" target=\"_blank\" rel=\"noopener noreferrer\">Handwerkskammer Dresden<\/a><\/li>\n<li><a href=\"https:\/\/www.hwk-gera.de\/\" target=\"_blank\" rel=\"noopener noreferrer\">Handwerkskammer f\u00fcr Ostth\u00fcringen<\/a><\/li>\n<li><a href=\"http:\/\/www.zdh-zert.de\/\" target=\"_blank\" rel=\"noopener noreferrer\">ZDH ZERT GmbH<\/a><\/li>\n<li><a href=\"http:\/\/www.schleswig-holstein.de\/DE\/Landesregierung\/LLUR\/llur_node.html\" target=\"_blank\" rel=\"noopener noreferrer\">Ministerium f\u00fcr Landwirtschaft, Umwelt und l\u00e4ndliche R\u00e4ume des Landes Schleswig-Holstein<\/a><\/li>\n<li><a href=\"https:\/\/www.hwk-chemnitz.de\/Handwerkskammer-Chemnitz.2.0.html?&amp;no_cache=1\" target=\"_blank\" rel=\"noopener noreferrer\">Handwerkskammer Chemnitz<\/a><\/li>\n<li><a href=\"https:\/\/www.ihk-muenchen.de\/de\/\" target=\"_blank\" rel=\"noopener noreferrer\">IHK M\u00fcnchen und Oberbayern<\/a><\/li>\n<li><a href=\"http:\/\/www.hwk-mittelfranken.de\/\" target=\"_blank\" rel=\"noopener\">Handwerkskammer f\u00fcr Mittelfranken<\/a><\/li>\n<\/ul>\n<h2>Unsere weiteren Partner sind:<\/h2>\n<ul>\n<li><a href=\"https:\/\/nachhaltige-kanzlei.bayern\/hp1\/Startseite.htm\" target=\"_blank\" rel=\"noopener\">LSWB e.V. Nachhaltige Steuerkanzlei<\/a><\/li>\n<li><a href=\"https:\/\/www.hwk-muenchen.de\/\" target=\"_blank\" rel=\"noopener noreferrer\">Handwerkskammer f\u00fcr M\u00fcnchen und Oberbayern<\/a><\/li>\n<li><a href=\"https:\/\/www.hwk-leipzig.de\/\" target=\"_blank\" rel=\"noopener noreferrer\">Handwerkskammer\u00a0zu Leipzig<\/a><\/li>\n<li><a href=\"http:\/\/www.hwk-oberfranken.de\/\" target=\"_blank\" rel=\"noopener noreferrer\">Handwerkskammer f\u00fcr Oberfranken<\/a><\/li>\n<li><a href=\"https:\/\/www.hwk-luebeck.de\/\" target=\"_blank\" rel=\"noopener noreferrer\">Handwerkskammer L\u00fcbeck<\/a><\/li>\n<li><a href=\"http:\/\/www.hwk-ufr.de\/\" target=\"_blank\" rel=\"noopener noreferrer\">Handwerkskammer f\u00fcr Unterfranken<\/a><\/li>\n<li><a href=\"https:\/\/www.hwk-schwaben.de\/\" target=\"_blank\" rel=\"noopener noreferrer\">Handwerkskammer f\u00fcr Schwaben<\/a><\/li>\n<li><a href=\"https:\/\/www.hwkno.de\/\" target=\"_blank\" rel=\"noopener noreferrer\">Handwerkskammer f\u00fcr Niederbayern und die Oberpfalz<\/a><\/li>\n<li><a href=\"http:\/\/www.stmuv.bayern.de\/\" target=\"_blank\" rel=\"noopener noreferrer\">Bayerisches Staatsministerium f\u00fcr Umwelt, Gesundheit und Verbraucherschutz<\/a><\/li>\n<li><a href=\"http:\/\/www.hamburg.de\/bue\/\" target=\"_blank\" rel=\"noopener noreferrer\">Beh\u00f6rde f\u00fcr Umwelt und Energie, Amt f\u00fcr Naturschutz, Gr\u00fcnplanung und Energie der Freien und Hansestadt Hamburg<\/a><\/li>\n<\/ul>\n","protected":false},"excerpt":{"rendered":"<p>Handwerkskammer Dresden Handwerkskammer f\u00fcr Ostth\u00fcringen ZDH ZERT GmbH Ministerium f\u00fcr Landwirtschaft, Umwelt und l\u00e4ndliche R\u00e4ume des Landes Schleswig-Holstein Handwerkskammer Chemnitz IHK M\u00fcnchen und Oberbayern Handwerkskammer f\u00fcr Mittelfranken Unsere weiteren Partner sind: LSWB e.V. Nachhaltige Steuerkanzlei Handwerkskammer f\u00fcr M\u00fcnchen und Oberbayern Handwerkskammer\u00a0zu Leipzig Handwerkskammer f\u00fcr Oberfranken Handwerkskammer L\u00fcbeck Handwerkskammer f\u00fcr Unterfranken Handwerkskammer f\u00fcr Schwaben Handwerkskammer f\u00fcr &#8230; <a title=\"Unsere Kooperationspartner\" class=\"read-more\" href=\"https:\/\/qub-info.de\/?page_id=23\" aria-label=\"Mehr dazu unter Unsere Kooperationspartner\">Weiterlesen<\/a><\/p>\n","protected":false},"author":1,"featured_media":0,"parent":0,"menu_order":0,"comment_status":"closed","ping_status":"closed","template":"","meta":{"footnotes":""},"_links":{"self":[{"href":"https:\/\/qub-info.de\/index.php?rest_route=\/wp\/v2\/pages\/23"}],"collection":[{"href":"https:\/\/qub-info.de\/index.php?rest_route=\/wp\/v2\/pages"}],"about":[{"href":"https:\/\/qub-info.de\/index.php?rest_route=\/wp\/v2\/types\/page"}],"author":[{"embeddable":true,"href":"https:\/\/qub-info.de\/index.php?rest_route=\/wp\/v2\/users\/1"}],"replies":[{"embeddable":true,"href":"https:\/\/qub-info.de\/index.php?rest_route=%2Fwp%2Fv2%2Fcomments&post=23"}],"version-history":[{"count":3,"href":"https:\/\/qub-info.de\/index.php?rest_route=\/wp\/v2\/pages\/23\/revisions"}],"predecessor-version":[{"id":173,"href":"https:\/\/qub-info.de\/index.php?rest_route=\/wp\/v2\/pages\/23\/revisions\/173"}],"wp:attachment":[{"href":"https:\/\/qub-info.de\/index.php?rest_route=%2Fwp%2Fv2%2Fmedia&parent=23"}],"curies":[{"name":"wp","href":"https:\/\/api.w.org\/{rel}","templated":true}]}}