{"id":184,"date":"2023-04-12T12:54:54","date_gmt":"2023-04-12T12:54:54","guid":{"rendered":"http:\/\/qub-info.de\/?page_id=184"},"modified":"2025-07-31T07:58:12","modified_gmt":"2025-07-31T07:58:12","slug":"qub-zertifizierungsstelle-werden","status":"publish","type":"page","link":"https:\/\/qub-info.de\/?page_id=184","title":{"rendered":"QuB-Zertifizierungsstelle werden"},"content":{"rendered":"\n\n\n<p>Sie wollen f\u00fcr das QuB-Programm Betriebe zertifizieren? Folgende Kriterien m\u00fcssen Sie f\u00fcr die Bewerbung als Zertifizierungsstelle f\u00fcr das QuB-Programm erf\u00fcllen:<\/p>\n<ul>\n<li><span data-teams=\"true\">Die Zertifizierungsstelle muss von der Deutschen Akkreditierungsstelle (DAkkS) akkreditiert sein \u2013 und zwar nach der Norm <strong>DIN EN ISO\/IEC 17065.<\/strong><\/span><\/li>\n<li>Nach Zuteilung des Programms, muss mindestens eine Person der Zertifizierungsstelle, innerhalb von drei Monaten, die Qualifikation eines QuB \u2013 Auditors erlangen<\/li>\n<li>Die \u201eNutzungsvereinbarung f\u00fcr das Zertifizierungsprogramm Qualit\u00e4tsverbund umweltbewusster Betriebe \u2013 QuB\u201c muss von der Zertifizierungsstelle eingehalten werden<\/li>\n<\/ul>\n\n\n\n<h2 class=\"wp-block-heading\">Teilnahme<\/h2>\n\n\n\n<p>Zugang zum Zertifizierungsprogramm und dem Technischen Regelwerk erhalten Sie auf Anfrage an <a href=\"mailto:qub@hwk-mittelfranken.de\">qub@hwk-mittelfranken.de<\/a><\/p>\n","protected":false},"excerpt":{"rendered":"<p>Sie wollen f\u00fcr das QuB-Programm Betriebe zertifizieren? Folgende Kriterien m\u00fcssen Sie f\u00fcr die Bewerbung als Zertifizierungsstelle f\u00fcr das QuB-Programm erf\u00fcllen: Die Zertifizierungsstelle muss von der Deutschen Akkreditierungsstelle (DAkkS) akkreditiert sein \u2013 und zwar nach der Norm DIN EN ISO\/IEC 17065. Nach Zuteilung des Programms, muss mindestens eine Person der Zertifizierungsstelle, innerhalb von drei Monaten, die &#8230; <a title=\"QuB-Zertifizierungsstelle werden\" class=\"read-more\" href=\"https:\/\/qub-info.de\/?page_id=184\" aria-label=\"Mehr dazu unter QuB-Zertifizierungsstelle werden\">Weiterlesen<\/a><\/p>\n","protected":false},"author":1,"featured_media":0,"parent":0,"menu_order":0,"comment_status":"closed","ping_status":"closed","template":"","meta":{"footnotes":""},"_links":{"self":[{"href":"https:\/\/qub-info.de\/index.php?rest_route=\/wp\/v2\/pages\/184"}],"collection":[{"href":"https:\/\/qub-info.de\/index.php?rest_route=\/wp\/v2\/pages"}],"about":[{"href":"https:\/\/qub-info.de\/index.php?rest_route=\/wp\/v2\/types\/page"}],"author":[{"embeddable":true,"href":"https:\/\/qub-info.de\/index.php?rest_route=\/wp\/v2\/users\/1"}],"replies":[{"embeddable":true,"href":"https:\/\/qub-info.de\/index.php?rest_route=%2Fwp%2Fv2%2Fcomments&post=184"}],"version-history":[{"count":3,"href":"https:\/\/qub-info.de\/index.php?rest_route=\/wp\/v2\/pages\/184\/revisions"}],"predecessor-version":[{"id":231,"href":"https:\/\/qub-info.de\/index.php?rest_route=\/wp\/v2\/pages\/184\/revisions\/231"}],"wp:attachment":[{"href":"https:\/\/qub-info.de\/index.php?rest_route=%2Fwp%2Fv2%2Fmedia&parent=184"}],"curies":[{"name":"wp","href":"https:\/\/api.w.org\/{rel}","templated":true}]}}