{"id":15,"date":"2017-11-26T16:53:15","date_gmt":"2017-11-26T16:53:15","guid":{"rendered":"http:\/\/qub-info.de\/?page_id=15"},"modified":"2023-04-12T14:06:20","modified_gmt":"2023-04-12T14:06:20","slug":"kontakt","status":"publish","type":"page","link":"https:\/\/qub-info.de\/?page_id=15","title":{"rendered":"Kontakt"},"content":{"rendered":"<p>Zentrale QUB-Stelle<br \/>\nHandwerkskammer f\u00fcr Mittelfranken<br \/>\nSulzbacher Stra\u00dfe 11-15<br \/>\n90489\u00a0N\u00fcrnberg<\/p>\n<p>Telefon +49 911 5309 250<br \/>\nTelefax +49 911 5309 181<\/p>\n<p>Carmen Sindel del Rio<br \/>\nZentrale QUB-Stelle<br \/>\nHandwerkskammer f\u00fcr Mittelfranken<br \/>\nSulzbacher Stra\u00dfe 11-15<br \/>\n90489\u00a0N\u00fcrnberg<\/p>\n<p>Telefon +49 911 5309 250<br \/>\nTelefax +49 911 5309 181<br \/>\n<a href=\"mailto:qub@hwk-mittelfranken.de\">qub@hwk-mittelfranken.de<\/a><\/p>\n","protected":false},"excerpt":{"rendered":"<p>Zentrale QUB-Stelle Handwerkskammer f\u00fcr Mittelfranken Sulzbacher Stra\u00dfe 11-15 90489\u00a0N\u00fcrnberg Telefon +49 911 5309 250 Telefax +49 911 5309 181 Carmen Sindel del Rio Zentrale QUB-Stelle Handwerkskammer f\u00fcr Mittelfranken Sulzbacher Stra\u00dfe 11-15 90489\u00a0N\u00fcrnberg Telefon +49 911 5309 250 Telefax +49 911 5309 181 qub@hwk-mittelfranken.de<\/p>\n","protected":false},"author":1,"featured_media":0,"parent":0,"menu_order":0,"comment_status":"closed","ping_status":"closed","template":"","meta":{"footnotes":""},"_links":{"self":[{"href":"https:\/\/qub-info.de\/index.php?rest_route=\/wp\/v2\/pages\/15"}],"collection":[{"href":"https:\/\/qub-info.de\/index.php?rest_route=\/wp\/v2\/pages"}],"about":[{"href":"https:\/\/qub-info.de\/index.php?rest_route=\/wp\/v2\/types\/page"}],"author":[{"embeddable":true,"href":"https:\/\/qub-info.de\/index.php?rest_route=\/wp\/v2\/users\/1"}],"replies":[{"embeddable":true,"href":"https:\/\/qub-info.de\/index.php?rest_route=%2Fwp%2Fv2%2Fcomments&post=15"}],"version-history":[{"count":12,"href":"https:\/\/qub-info.de\/index.php?rest_route=\/wp\/v2\/pages\/15\/revisions"}],"predecessor-version":[{"id":212,"href":"https:\/\/qub-info.de\/index.php?rest_route=\/wp\/v2\/pages\/15\/revisions\/212"}],"wp:attachment":[{"href":"https:\/\/qub-info.de\/index.php?rest_route=%2Fwp%2Fv2%2Fmedia&parent=15"}],"curies":[{"name":"wp","href":"https:\/\/api.w.org\/{rel}","templated":true}]}}