{"id":13,"date":"2017-11-26T16:52:36","date_gmt":"2017-11-26T16:52:36","guid":{"rendered":"http:\/\/qub-info.de\/?page_id=13"},"modified":"2023-04-12T13:51:54","modified_gmt":"2023-04-12T13:51:54","slug":"impressum","status":"publish","type":"page","link":"https:\/\/qub-info.de\/?page_id=13","title":{"rendered":"Impressum"},"content":{"rendered":"\n<p>Handwerkskammer f\u00fcr Mittelfranken<br>Zentrale QuB-Stelle<\/p>\n\n\n\n<p>Sulzbacher Stra\u00dfe 11-15<br>90489 N\u00fcrnberg<br>Telefon 0911 5309-250<br>Telefax 0911 5309-181<br>qub@hwk-mittelfranken.de<br>www.hwk-mittelfranken.de<\/p>\n\n\n\n<p>Die Handwerkskammer f\u00fcr Mittelfranken ist eine K\u00f6rperschaft des \u00d6ffentlichen Rechts. Sie wird gem\u00e4\u00df \u00a7 109 der Handwerksordnung gemeinsam durch den Pr\u00e4sidenten Thomas Pirner und den Hauptgesch\u00e4ftsf\u00fchrer Prof. Dr. Elmar Forster vertreten.<\/p>\n\n\n\n<p>Zust\u00e4ndige Aufsichtsbeh\u00f6rde:<br>Bayerisches Staatsministerium f\u00fcr Wirtschaft, Landesentwicklung und Energie<br>Prinzregentenstra\u00dfe 28<br>D-80538 M\u00fcnchen<\/p>\n\n\n\n<p>Inhaltlich Verantwortlicher gem\u00e4\u00df \u00a7 55 II RStV:<br>Michael Erletz, Zentrale QuB-Stelle<\/p>\n\n\n\n<p>Haftungshinweise:<br>Trotz sorgf\u00e4ltiger inhaltlicher Kontrolle \u00fcbernehmen wir keine Haftung f\u00fcr die Inhalte externer Links. F\u00fcr den Inhalt der verlinkten Seiten sind ausschlie\u00dflich deren Betreiber verantwortlich.<\/p>\n\n\n\n<p>Online-Redaktion<br>Zentrale QuB-Stelle der Handwerkskammer f\u00fcr Mittelfranken<br>Sulzbacher Stra\u00dfe 11-15<br>90489 N\u00fcrnberg<\/p>\n","protected":false},"excerpt":{"rendered":"<p>Handwerkskammer f\u00fcr MittelfrankenZentrale QuB-Stelle Sulzbacher Stra\u00dfe 11-1590489 N\u00fcrnbergTelefon 0911 5309-250Telefax 0911 5309-181qub@hwk-mittelfranken.dewww.hwk-mittelfranken.de Die Handwerkskammer f\u00fcr Mittelfranken ist eine K\u00f6rperschaft des \u00d6ffentlichen Rechts. Sie wird gem\u00e4\u00df \u00a7 109 der Handwerksordnung gemeinsam durch den Pr\u00e4sidenten Thomas Pirner und den Hauptgesch\u00e4ftsf\u00fchrer Prof. Dr. Elmar Forster vertreten. Zust\u00e4ndige Aufsichtsbeh\u00f6rde:Bayerisches Staatsministerium f\u00fcr Wirtschaft, Landesentwicklung und EnergiePrinzregentenstra\u00dfe 28D-80538 M\u00fcnchen Inhaltlich Verantwortlicher &#8230; <a title=\"Impressum\" class=\"read-more\" href=\"https:\/\/qub-info.de\/?page_id=13\" aria-label=\"Mehr dazu unter Impressum\">Weiterlesen<\/a><\/p>\n","protected":false},"author":1,"featured_media":0,"parent":0,"menu_order":0,"comment_status":"closed","ping_status":"closed","template":"","meta":{"footnotes":""},"_links":{"self":[{"href":"https:\/\/qub-info.de\/index.php?rest_route=\/wp\/v2\/pages\/13"}],"collection":[{"href":"https:\/\/qub-info.de\/index.php?rest_route=\/wp\/v2\/pages"}],"about":[{"href":"https:\/\/qub-info.de\/index.php?rest_route=\/wp\/v2\/types\/page"}],"author":[{"embeddable":true,"href":"https:\/\/qub-info.de\/index.php?rest_route=\/wp\/v2\/users\/1"}],"replies":[{"embeddable":true,"href":"https:\/\/qub-info.de\/index.php?rest_route=%2Fwp%2Fv2%2Fcomments&post=13"}],"version-history":[{"count":6,"href":"https:\/\/qub-info.de\/index.php?rest_route=\/wp\/v2\/pages\/13\/revisions"}],"predecessor-version":[{"id":207,"href":"https:\/\/qub-info.de\/index.php?rest_route=\/wp\/v2\/pages\/13\/revisions\/207"}],"wp:attachment":[{"href":"https:\/\/qub-info.de\/index.php?rest_route=%2Fwp%2Fv2%2Fmedia&parent=13"}],"curies":[{"name":"wp","href":"https:\/\/api.w.org\/{rel}","templated":true}]}}